{"id":95,"date":"2023-06-17T00:41:59","date_gmt":"2023-06-16T22:41:59","guid":{"rendered":"https:\/\/shawnedwards.art\/?page_id=95"},"modified":"2025-10-16T18:11:46","modified_gmt":"2025-10-16T16:11:46","slug":"contact","status":"publish","type":"page","link":"https:\/\/shawnedwards.art\/index.php\/contact\/","title":{"rendered":"Contact"},"content":{"rendered":"\n<p class=\"has-ibm-plex-mono-font-family has-small-font-size\">We are open to dialogue. If you have any questions, suggestions, or ideas for cooperation, please send them using this form. We&#8217;ll be happy to receive them.<\/p>\n\n\n\n<p><\/p>\n\n\n\n<div class=\"wp-block-kadence-form kadence-form-95_b1690f-99 kb-form-wrap\"><form class=\"kb-form\" action=\"\" method=\"post\"><div class=\"kadence-blocks-form-field kb-field-desk-width-100 kb-input-size-standard\"><label for=\"kb_field_95_b1690f-99_0\">Name<\/label><input name=\"kb_field_0\" id=\"kb_field_95_b1690f-99_0\" data-label=\"Name\" type=\"text\" placeholder=\"\" value=\"\" data-type=\"text\" class=\"kb-field kb-text-style-field kb-text-field kb-field-0\"\/><\/div><div class=\"kadence-blocks-form-field kb-form-field-1 kb-field-desk-width-100 kb-input-size-standard\"><label for=\"kb_field_95_b1690f-99_1\">Email<span class=\"required\">*<\/span><\/label><input name=\"kb_field_1\" id=\"kb_field_95_b1690f-99_1\" data-label=\"Email\" type=\"email\" placeholder=\"\" value=\"\" data-type=\"email\" class=\"kb-field kb-text-style-field kb-email-field kb-field-1\" data-required=\"yes\"\/><\/div><div class=\"kadence-blocks-form-field kb-form-field-2 kb-field-desk-width-100 kb-input-size-standard\"><label for=\"kb_field_95_b1690f-99_2\">Message<span class=\"required\">*<\/span><\/label><textarea name=\"kb_field_2\" id=\"kb_field_95_b1690f-99_2\" data-label=\"Message\" type=\"textarea\" placeholder=\"\" data-type=\"textarea\" class=\"kb-field kb-text-style-field kb-textarea-field kb-field-2\" rows=\"4\" data-required=\"yes\"><\/textarea><\/div><input type=\"hidden\" name=\"_kb_form_id\" value=\"95_b1690f-99\"\/><input type=\"hidden\" name=\"_kb_form_post_id\" value=\"95\"\/><input type=\"hidden\" name=\"action\" value=\"kb_process_ajax_submit\"\/><input type=\"hidden\" name=\"recaptcha_response\" class=\"kb_recaptcha_response kb_recaptcha_95_b1690f-99\"\/><label class=\"kadence-verify-label\">Email<input class=\"kadence-blocks-field verify\" type=\"text\" name=\"_kb_verify_email\" autocomplete=\"new-password\" aria-hidden=\"true\" placeholder=\"Email\" tabindex=\"-1\" data-1p-ignore=\"true\" data-lpignore=\"true\" \/><\/label><div class=\"kadence-blocks-form-field kb-submit-field kb-field-desk-width-100\"><button class=\"kb-forms-submit button kb-button-size-standard kb-button-width-auto\">Submit<\/button><\/div><\/form><\/div>\n<noscript><div class=\"kadence-blocks-form-message kadence-blocks-form-warning\">Aby przes\u0142a\u0107 formularz, w\u0142\u0105cz obs\u0142ug\u0119 JavaScript w przegl\u0105darce<\/div><style>.kadence-form-95_b1690f-99 .kadence-blocks-form-field.kb-submit-field { display: none; }<\/style><\/noscript>\n\n\n<div class=\"wp-block-kadence-spacer aligncenter kt-block-spacer-95_3e9bc6-1c\"><div class=\"kt-block-spacer kt-block-spacer-halign-center\"><hr class=\"kt-divider\"\/><\/div><\/div>\n\n\n\n<p class=\"has-ibm-plex-mono-font-family has-small-font-size\">Exhibitions booking and inquiries regarding the purchase of artworks:<br><a href=\"mailto:contact@shawnedwards.art\" target=\"_blank\" rel=\"noreferrer noopener\">contact@shawnedwards.art<\/a><\/p>\n\n\n\n<hr class=\"wp-block-separator has-alpha-channel-opacity\"\/>\n\n\n\n<p class=\"has-ibm-plex-mono-font-family has-small-font-size\">To stay attuned to the upcoming shows and events of Shawn Edwards&#8217; works, we entreat you to subscribe to our newsletter. With each curated missive, you will be privy to upcoming exhibitions, events, and exclusive glimpses into the artist&#8217;s journey.<\/p>\n\n\n  \n  \n  <div class=\"\n    mailpoet_form_popup_overlay\n      \"><\/div>\n  <div\n    id=\"mailpoet_form_2\"\n    class=\"\n      mailpoet_form\n      mailpoet_form_html\n      mailpoet_form_position_\n      mailpoet_form_animation_\n    \"\n      >\n\n    <style type=\"text\/css\">\n     #mailpoet_form_2 .mailpoet_form {  }\n#mailpoet_form_2 .mailpoet_column_with_background { padding: 10px; }\n#mailpoet_form_2 .mailpoet_form_column:not(:first-child) { margin-left: 20px; }\n#mailpoet_form_2 .mailpoet_paragraph { line-height: 20px; margin-bottom: 20px; }\n#mailpoet_form_2 .mailpoet_segment_label, #mailpoet_form_2 .mailpoet_text_label, #mailpoet_form_2 .mailpoet_textarea_label, #mailpoet_form_2 .mailpoet_select_label, #mailpoet_form_2 .mailpoet_radio_label, #mailpoet_form_2 .mailpoet_checkbox_label, #mailpoet_form_2 .mailpoet_list_label, #mailpoet_form_2 .mailpoet_date_label { display: block; font-weight: normal; }\n#mailpoet_form_2 .mailpoet_text, #mailpoet_form_2 .mailpoet_textarea, #mailpoet_form_2 .mailpoet_select, #mailpoet_form_2 .mailpoet_date_month, #mailpoet_form_2 .mailpoet_date_day, #mailpoet_form_2 .mailpoet_date_year, #mailpoet_form_2 .mailpoet_date { display: block; }\n#mailpoet_form_2 .mailpoet_text, #mailpoet_form_2 .mailpoet_textarea { width: 200px; }\n#mailpoet_form_2 .mailpoet_checkbox {  }\n#mailpoet_form_2 .mailpoet_submit {  }\n#mailpoet_form_2 .mailpoet_divider {  }\n#mailpoet_form_2 .mailpoet_message {  }\n#mailpoet_form_2 .mailpoet_form_loading { width: 30px; text-align: center; line-height: normal; }\n#mailpoet_form_2 .mailpoet_form_loading > span { width: 5px; height: 5px; background-color: #5b5b5b; }#mailpoet_form_2{border-radius: 0px;text-align: left;}#mailpoet_form_2 form.mailpoet_form {padding: 20px;}#mailpoet_form_2{width: 100%;}#mailpoet_form_2 .mailpoet_message {margin: 0; padding: 0 20px;}#mailpoet_form_2 .mailpoet_paragraph.last {margin-bottom: 0} @media (max-width: 500px) {#mailpoet_form_2 {background-image: none;}} @media (min-width: 500px) {#mailpoet_form_2 .last .mailpoet_paragraph:last-child {margin-bottom: 0}}  @media (max-width: 500px) {#mailpoet_form_2 .mailpoet_form_column:last-child .mailpoet_paragraph:last-child {margin-bottom: 0}} \n    <\/style>\n\n    <form\n      target=\"_self\"\n      method=\"post\"\n      action=\"https:\/\/shawnedwards.art\/wp-admin\/admin-post.php?action=mailpoet_subscription_form\"\n      class=\"mailpoet_form mailpoet_form_form mailpoet_form_html\"\n      novalidate\n      data-delay=\"\"\n      data-exit-intent-enabled=\"\"\n      data-font-family=\"\"\n      data-cookie-expiration-time=\"\"\n    >\n      <input type=\"hidden\" name=\"data[form_id]\" value=\"2\" \/>\n      <input type=\"hidden\" name=\"token\" value=\"ed79a1b847\" \/>\n      <input type=\"hidden\" name=\"api_version\" value=\"v1\" \/>\n      <input type=\"hidden\" name=\"endpoint\" value=\"subscribers\" \/>\n      <input type=\"hidden\" name=\"mailpoet_method\" value=\"subscribe\" \/>\n\n      <label class=\"mailpoet_hp_email_label\" style=\"display: none !important;\">Zostaw to pole puste<input type=\"email\" name=\"data[email]\"\/><\/label><div class=\"mailpoet_paragraph \"><style>input[name=\"data[form_field_Y2Y1YWJhMGQ0MzRiX2VtYWls]\"]::placeholder{color:#2500ff;opacity: 1;}<\/style><input type=\"email\" autocomplete=\"email\" class=\"mailpoet_text\" id=\"form_email_2\" name=\"data[form_field_Y2Y1YWJhMGQ0MzRiX2VtYWls]\" title=\"Email Address\" value=\"\" style=\"width:100%;box-sizing:border-box;background-color:#ffffff;border-style:solid;border-radius:0px !important;border-width:1px;border-color:#2500ff;padding:5px;margin: 0 auto 0 0;color:#2500ff;\" data-automation-id=\"form_email\"  placeholder=\"Email Address *\" aria-label=\"Email Address *\" data-parsley-errors-container=\".mailpoet_error_16m7j\" data-parsley-required=\"true\" required aria-required=\"true\" data-parsley-minlength=\"6\" data-parsley-maxlength=\"150\" data-parsley-type-message=\"Ta warto\u015b\u0107 powinna by\u0107 prawid\u0142owym adresem e-mail.\" data-parsley-required-message=\"To pole jest wymagane.\"\/><span class=\"mailpoet_error_16m7j\"><\/span><\/div>\n<div class=\"mailpoet_paragraph \"><style>input[name=\"data[form_field_NWVjZDhmMTYyNmNhX2ZpcnN0X25hbWU=]\"]::placeholder{color:#2500ff;opacity: 1;}<\/style><input type=\"text\" autocomplete=\"given-name\" class=\"mailpoet_text\" id=\"form_first_name_2\" name=\"data[form_field_NWVjZDhmMTYyNmNhX2ZpcnN0X25hbWU=]\" title=\"First name\" value=\"\" style=\"width:100%;box-sizing:border-box;background-color:#ffffff;border-style:solid;border-radius:0px !important;border-width:1px;border-color:#2500ff;padding:5px;margin: 0 auto 0 0;color:#2500ff;\" data-automation-id=\"form_first_name\"  placeholder=\"First name *\" aria-label=\"First name *\" data-parsley-errors-container=\".mailpoet_error_1mfri\" data-parsley-names='[&quot;Podaj prawid\u0142ow\u0105 nazw\u0119.&quot;,&quot;Adresy w nazwach s\u0105 niedozwolone, zamiast tego dodaj swoje imi\u0119 i nazwisko.&quot;]' data-parsley-required=\"true\" required aria-required=\"true\" data-parsley-required-message=\"To pole jest wymagane.\"\/><span class=\"mailpoet_error_1mfri\"><\/span><\/div>\n<div class=\"mailpoet_paragraph \"><style>input[name=\"data[form_field_NTVlN2VmNjkyZjVmX2xhc3RfbmFtZQ==]\"]::placeholder{color:#2500ff;opacity: 1;}<\/style><input type=\"text\" autocomplete=\"family-name\" class=\"mailpoet_text\" id=\"form_last_name_2\" name=\"data[form_field_NTVlN2VmNjkyZjVmX2xhc3RfbmFtZQ==]\" title=\"Last name\" value=\"\" style=\"width:100%;box-sizing:border-box;background-color:#ffffff;border-style:solid;border-radius:0px !important;border-width:1px;border-color:#2500ff;padding:5px;margin: 0 auto 0 0;color:#2500ff;\" data-automation-id=\"form_last_name\"  placeholder=\"Last name *\" aria-label=\"Last name *\" data-parsley-errors-container=\".mailpoet_error_r54sn\" data-parsley-names='[&quot;Podaj prawid\u0142ow\u0105 nazw\u0119.&quot;,&quot;Adresy w nazwach s\u0105 niedozwolone, zamiast tego dodaj swoje imi\u0119 i nazwisko.&quot;]' data-parsley-required=\"true\" required aria-required=\"true\" data-parsley-required-message=\"To pole jest wymagane.\"\/><span class=\"mailpoet_error_r54sn\"><\/span><\/div>\n<div class=\"mailpoet_paragraph \"><input type=\"submit\" class=\"mailpoet_submit\" value=\"Subscribe!\" data-automation-id=\"subscribe-submit-button\" style=\"width:100%;box-sizing:border-box;background-color:#2500ff;border-style:solid;border-radius:0px !important;border-width:1px;border-color:#2500ff;padding:5px;margin: 0 auto 0 0;color:#ffffff;\" \/><span class=\"mailpoet_form_loading\"><span class=\"mailpoet_bounce1\"><\/span><span class=\"mailpoet_bounce2\"><\/span><span class=\"mailpoet_bounce3\"><\/span><\/span><\/div>\n\n      <div class=\"mailpoet_message\">\n        <p class=\"mailpoet_validate_success\"\n                style=\"display:none;\"\n                >Check your inbox or spam folder to confirm your subscription.\n        <\/p>\n        <p class=\"mailpoet_validate_error\"\n                style=\"display:none;\"\n                >        <\/p>\n      <\/div>\n    <\/form>\n\n      <\/div>\n\n  \n\n\n<p><\/p>\n","protected":false},"excerpt":{"rendered":"<p>We are open to dialogue. If you have any questions, suggestions, or ideas for cooperation, please send them using this form. We&#8217;ll be happy to receive them. Exhibitions booking and inquiries regarding the purchase of artworks:contact@shawnedwards.art To stay attuned to the upcoming shows and events of Shawn Edwards&#8217; works, we entreat you to subscribe to [&hellip;]<\/p>\n","protected":false},"author":1,"featured_media":0,"parent":0,"menu_order":0,"comment_status":"closed","ping_status":"closed","template":"","meta":{"_kadence_starter_templates_imported_post":false,"footnotes":""},"class_list":["post-95","page","type-page","status-publish","hentry"],"_links":{"self":[{"href":"https:\/\/shawnedwards.art\/index.php\/wp-json\/wp\/v2\/pages\/95","targetHints":{"allow":["GET"]}}],"collection":[{"href":"https:\/\/shawnedwards.art\/index.php\/wp-json\/wp\/v2\/pages"}],"about":[{"href":"https:\/\/shawnedwards.art\/index.php\/wp-json\/wp\/v2\/types\/page"}],"author":[{"embeddable":true,"href":"https:\/\/shawnedwards.art\/index.php\/wp-json\/wp\/v2\/users\/1"}],"replies":[{"embeddable":true,"href":"https:\/\/shawnedwards.art\/index.php\/wp-json\/wp\/v2\/comments?post=95"}],"version-history":[{"count":21,"href":"https:\/\/shawnedwards.art\/index.php\/wp-json\/wp\/v2\/pages\/95\/revisions"}],"predecessor-version":[{"id":539,"href":"https:\/\/shawnedwards.art\/index.php\/wp-json\/wp\/v2\/pages\/95\/revisions\/539"}],"wp:attachment":[{"href":"https:\/\/shawnedwards.art\/index.php\/wp-json\/wp\/v2\/media?parent=95"}],"curies":[{"name":"wp","href":"https:\/\/api.w.org\/{rel}","templated":true}]}}